{"id":50073,"date":"2024-12-12T17:58:38","date_gmt":"2024-12-12T17:58:38","guid":{"rendered":"https:\/\/abogadomadrid.merkadoweb.es\/?page_id=50073"},"modified":"2024-12-12T17:59:43","modified_gmt":"2024-12-12T17:59:43","slug":"derecho-de-familia-y-derecho-pena-de-familia","status":"publish","type":"page","link":"https:\/\/judsamabogados.com\/index.php\/derecho-de-familia-y-derecho-pena-de-familia\/","title":{"rendered":"DERECHO DE FAMILIA Y DERECHO PENA DE FAMILIA"},"content":{"rendered":"<p>[et_pb_section fb_built=\u00bb1&#8243; custom_padding_last_edited=\u00bbon|tablet\u00bb _builder_version=\u00bb4.27.3&#8243; _module_preset=\u00bbdefault\u00bb use_background_color_gradient=\u00bbon\u00bb background_color_gradient_direction=\u00bb90deg\u00bb background_color_gradient_stops=\u00bbrgba(0,0,0,0.2) 0%|rgba(255,255,255,0) 86%\u00bb background_color_gradient_overlays_image=\u00bbon\u00bb background_image=\u00bbhttps:\/\/judsamabogados.com\/wp-content\/uploads\/2024\/12\/2148384956.jpg\u00bb custom_margin=\u00bb0px||0px||false|false\u00bb custom_padding=\u00bb180px||180px||true|false\u00bb custom_padding_tablet=\u00bb120px||0px||false|false\u00bb custom_padding_phone=\u00bb40px||40px||true|false\u00bb animation_style=\u00bbfade\u00bb animation_speed_curve=\u00bbease\u00bb hover_enabled=\u00bb0&#8243; global_colors_info=\u00bb{}\u00bb theme_builder_area=\u00bbpost_content\u00bb title_text=\u00bb2148384956&#8243; sticky_enabled=\u00bb0&#8243;][et_pb_row module_class=\u00bblawyer-31-inlbtn-sc\u00bb _builder_version=\u00bb4.27.3&#8243; _module_preset=\u00bbdefault\u00bb background_color=\u00bbrgba(0,0,0,0.54)\u00bb width=\u00bb70%\u00bb max_width=\u00bb2560px\u00bb custom_margin=\u00bb0px|auto|0px|auto|true|true\u00bb custom_margin_tablet=\u00bb0px||120px||false|false\u00bb custom_margin_phone=\u00bb||20px||false|false\u00bb custom_margin_last_edited=\u00bbon|tablet\u00bb custom_padding=\u00bb32px||32px||true|false\u00bb animation_style=\u00bbzoom\u00bb global_colors_info=\u00bb{}\u00bb theme_builder_area=\u00bbpost_content\u00bb][et_pb_column type=\u00bb4_4&#8243; _builder_version=\u00bb4.24.3&#8243; _module_preset=\u00bbdefault\u00bb global_colors_info=\u00bb{}\u00bb theme_builder_area=\u00bbpost_content\u00bb][et_pb_text _builder_version=\u00bb4.27.3&#8243; _module_preset=\u00bbdefault\u00bb header_font=\u00bbMarcellus|700|||||||\u00bb header_text_align=\u00bbcenter\u00bb header_text_color=\u00bb#FFFFFF\u00bb header_font_size=\u00bb50px\u00bb custom_margin=\u00bb0px||15px||false|false\u00bb custom_margin_tablet=\u00bb0px||15px||false|false\u00bb custom_margin_phone=\u00bb0px||14px||false|false\u00bb custom_margin_last_edited=\u00bbon|phone\u00bb custom_padding=\u00bb0px||0px||false|false\u00bb custom_padding_tablet=\u00bb0px||0px||false|false\u00bb custom_padding_phone=\u00bb10px||0px||false|false\u00bb custom_padding_last_edited=\u00bbon|phone\u00bb animation_style=\u00bbslide\u00bb animation_direction=\u00bbright\u00bb animation_delay=\u00bb500ms\u00bb animation_intensity_slide=\u00bb4%\u00bb animation_speed_curve=\u00bbease\u00bb hover_enabled=\u00bb0&#8243; header_text_align_tablet=\u00bbleft\u00bb header_text_align_phone=\u00bbcenter\u00bb header_text_align_last_edited=\u00bbon|phone\u00bb header_font_size_tablet=\u00bb72px\u00bb header_font_size_phone=\u00bb25px\u00bb header_font_size_last_edited=\u00bbon|phone\u00bb global_colors_info=\u00bb{}\u00bb theme_builder_area=\u00bbpost_content\u00bb sticky_enabled=\u00bb0&#8243;]<\/p>\n<h1>Derecho de familia y derecho penal de familia\u00a0<\/h1>\n<p>[\/et_pb_text][et_pb_code admin_label=\u00bbinline-button code\u00bb _builder_version=\u00bb4.24.3&#8243; _module_preset=\u00bbdefault\u00bb custom_margin=\u00bb0px||0px||false|false\u00bb custom_padding=\u00bb0px||0px||false|false\u00bb global_colors_info=\u00bb{}\u00bb theme_builder_area=\u00bbpost_content\u00bb]<\/p>\n<style><!-- [et_pb_line_break_holder] -->  .lawyer-31-inlbtn-sc<!-- [et_pb_line_break_holder] -->.et_pb_button_module_wrapper {<!-- [et_pb_line_break_holder] -->display: inline-block;<!-- [et_pb_line_break_holder] --><!-- [et_pb_line_break_holder] -->}<!-- [et_pb_line_break_holder] --><!-- [et_pb_line_break_holder] --><\/style>\n<p>[\/et_pb_code][\/et_pb_column][\/et_pb_row][\/et_pb_section][et_pb_section fb_built=\u00bb1&#8243; custom_padding_last_edited=\u00bbon|phone\u00bb _builder_version=\u00bb4.27.3&#8243; _module_preset=\u00bbdefault\u00bb background_image=\u00bbhttps:\/\/judsamabogados.com\/wp-content\/uploads\/2024\/11\/lawyer-31-mxd-4.png\u00bb background_size=\u00bbcustom\u00bb background_image_width=\u00bb30%\u00bb background_position=\u00bbcenter_right\u00bb custom_margin=\u00bb0px||0px||false|false\u00bb custom_padding=\u00bb40px||40px||true|false\u00bb custom_padding_tablet=\u00bb120px||120px||false|false\u00bb custom_padding_phone=\u00bb20px||20px||true|false\u00bb background_last_edited=\u00bbon|phone\u00bb background_enable_image_phone=\u00bboff\u00bb global_colors_info=\u00bb{}\u00bb theme_builder_area=\u00bbpost_content\u00bb][et_pb_row use_custom_gutter=\u00bbon\u00bb gutter_width=\u00bb1&#8243; custom_padding_last_edited=\u00bbon|phone\u00bb module_class=\u00bblawyer-31-imgf-c-sc\u00bb _builder_version=\u00bb4.27.3&#8243; _module_preset=\u00bbdefault\u00bb width=\u00bb90%\u00bb max_width=\u00bb1300px\u00bb custom_margin=\u00bb0px||0px||false|false\u00bb custom_padding=\u00bb0px||0px||false|false\u00bb custom_padding_tablet=\u00bb0px||0px||false|false\u00bb custom_padding_phone=\u00bb0px||0px||false|false\u00bb animation_style=\u00bbzoom\u00bb global_colors_info=\u00bb{}\u00bb theme_builder_area=\u00bbpost_content\u00bb][et_pb_column type=\u00bb4_4&#8243; _builder_version=\u00bb4.27.3&#8243; _module_preset=\u00bbdefault\u00bb custom_padding=\u00bb|||60px|false|false\u00bb custom_padding_tablet=\u00bb90px|||0px|false|false\u00bb custom_padding_phone=\u00bb0px||||false|false\u00bb custom_padding_last_edited=\u00bbon|tablet\u00bb global_colors_info=\u00bb{}\u00bb theme_builder_area=\u00bbpost_content\u00bb][et_pb_text _builder_version=\u00bb4.27.3&#8243; _module_preset=\u00bbdefault\u00bb header_2_font=\u00bbMarcellus|700|||||||\u00bb header_2_text_align=\u00bbleft\u00bb header_2_text_color=\u00bb#003c40&#8243; header_2_font_size=\u00bb25px\u00bb header_2_line_height=\u00bb1.1em\u00bb custom_margin=\u00bb0px||-2px||false|false\u00bb custom_margin_tablet=\u00bb0px||-2px||false|false\u00bb custom_margin_phone=\u00bb0px||-2px||false|false\u00bb custom_margin_last_edited=\u00bbon|phone\u00bb custom_padding=\u00bb0px||0px||false|false\u00bb animation_style=\u00bbslide\u00bb animation_direction=\u00bbright\u00bb animation_intensity_slide=\u00bb3%\u00bb animation_speed_curve=\u00bbease\u00bb hover_enabled=\u00bb0&#8243; header_2_font_size_tablet=\u00bb47px\u00bb header_2_font_size_phone=\u00bb20px\u00bb header_2_font_size_last_edited=\u00bbon|phone\u00bb global_colors_info=\u00bb{}\u00bb theme_builder_area=\u00bbpost_content\u00bb sticky_enabled=\u00bb0&#8243;]<\/p>\n<h2 style=\"text-align: justify;\">Resolviendo problemas de familia.<\/h2>\n<p>[\/et_pb_text][et_pb_text _builder_version=\u00bb4.27.3&#8243; _module_preset=\u00bbdefault\u00bb text_font=\u00bbManrope||||||||\u00bb text_text_color=\u00bb#666666&#8243; text_font_size=\u00bb16px\u00bb text_line_height=\u00bb1.6em\u00bb custom_margin=\u00bb0px||17px||false|false\u00bb custom_padding=\u00bb0px||10px||false|false\u00bb hover_enabled=\u00bb0&#8243; text_font_size_tablet=\u00bb16px\u00bb text_font_size_phone=\u00bb15px\u00bb text_font_size_last_edited=\u00bbon|phone\u00bb border_width_bottom=\u00bb1px\u00bb border_color_bottom=\u00bb#dddddd\u00bb global_colors_info=\u00bb{}\u00bb theme_builder_area=\u00bbpost_content\u00bb sticky_enabled=\u00bb0&#8243;]<\/p>\n<p style=\"text-align: justify;\">Somos abogados expertos en derecho de familia, defendemos tus derechos en los colapsos matrimoniales de separaci\u00f3n y divorcio, sabiendo por decenas de a\u00f1os de experiencia que el derecho de familia es complejo, pues es mucho m\u00e1s que un simple proceso judicial, en el que se deben cuidar los sentimientos, teniendo claro que en estos procesos, siempre es la prioridad, el mayor inter\u00e9s de los menores.<br \/>En Judsam Abogados, defendemos tus derechos con absoluto conocimiento de causa, en aquellos procesos penales instrumentales que traen origen en rupturas matrimoniales, procesos penales que son utilizados de manera espuria para conseguir con una denuncia, en dos d\u00edas, los efectos civiles que tardar\u00edan en conseguirse en un proceso de divorcio contencioso en dos a\u00f1os.<br \/>No s\u00f3lo tenemos un perfecto conocimiento del proceso judicial y de sus recursos, sino que sabemos c\u00f3mo guiarte en los puntos de encuentro familiar que son fundamentales en el \u00e9xito de este tipo de asuntos para no perder tus derechos y lo que todav\u00eda es m\u00e1s importante para que no pierdas injustamente a tus hijos, frente al resto de despachos que s\u00f3lo se centran en el juzgado, contando para esta tarea adem\u00e1s, con peritos y psic\u00f3logos expertos que te orientar\u00e1n y realizar\u00e1n los informes periciales necesarios, fundamentales para tu defensa.<\/p>\n<p>[\/et_pb_text][\/et_pb_column][\/et_pb_row][\/et_pb_section]<\/p>\n","protected":false},"excerpt":{"rendered":"<p>Derecho de familia y derecho penal de familia\u00a0Resolviendo problemas de familia.Somos abogados expertos en derecho de familia, defendemos tus derechos en los colapsos matrimoniales de separaci\u00f3n y divorcio, sabiendo por decenas de a\u00f1os de experiencia que el derecho de familia es complejo, pues es mucho m\u00e1s que un simple proceso judicial, en el que se [&hellip;]<\/p>\n","protected":false},"author":1,"featured_media":0,"parent":0,"menu_order":0,"comment_status":"closed","ping_status":"closed","template":"","meta":{"_et_pb_use_builder":"on","_et_pb_old_content":"","_et_gb_content_width":"","footnotes":""},"class_list":["post-50073","page","type-page","status-publish","hentry"],"_links":{"self":[{"href":"https:\/\/judsamabogados.com\/index.php\/wp-json\/wp\/v2\/pages\/50073","targetHints":{"allow":["GET"]}}],"collection":[{"href":"https:\/\/judsamabogados.com\/index.php\/wp-json\/wp\/v2\/pages"}],"about":[{"href":"https:\/\/judsamabogados.com\/index.php\/wp-json\/wp\/v2\/types\/page"}],"author":[{"embeddable":true,"href":"https:\/\/judsamabogados.com\/index.php\/wp-json\/wp\/v2\/users\/1"}],"replies":[{"embeddable":true,"href":"https:\/\/judsamabogados.com\/index.php\/wp-json\/wp\/v2\/comments?post=50073"}],"version-history":[{"count":3,"href":"https:\/\/judsamabogados.com\/index.php\/wp-json\/wp\/v2\/pages\/50073\/revisions"}],"predecessor-version":[{"id":50078,"href":"https:\/\/judsamabogados.com\/index.php\/wp-json\/wp\/v2\/pages\/50073\/revisions\/50078"}],"wp:attachment":[{"href":"https:\/\/judsamabogados.com\/index.php\/wp-json\/wp\/v2\/media?parent=50073"}],"curies":[{"name":"wp","href":"https:\/\/api.w.org\/{rel}","templated":true}]}}