{"id":49997,"date":"2024-11-29T01:29:16","date_gmt":"2024-11-29T01:29:16","guid":{"rendered":"https:\/\/abogadomadrid.merkadoweb.es\/?page_id=49997"},"modified":"2024-11-29T01:29:28","modified_gmt":"2024-11-29T01:29:28","slug":"derecho-de-extranjeria","status":"publish","type":"page","link":"https:\/\/judsamabogados.com\/index.php\/derecho-de-extranjeria\/","title":{"rendered":"Derecho de Extranjer\u00eda"},"content":{"rendered":"<p>[et_pb_section fb_built=\u00bb1&#8243; custom_padding_last_edited=\u00bbon|tablet\u00bb _builder_version=\u00bb4.27.3&#8243; _module_preset=\u00bbdefault\u00bb use_background_color_gradient=\u00bbon\u00bb background_color_gradient_direction=\u00bb90deg\u00bb background_color_gradient_stops=\u00bbrgba(0,0,0,0.2) 0%|rgba(255,255,255,0) 86%\u00bb background_color_gradient_overlays_image=\u00bbon\u00bb background_image=\u00bbhttps:\/\/judsamabogados.com\/wp-content\/uploads\/2024\/11\/64862.jpg\u00bb custom_margin=\u00bb0px||0px||false|false\u00bb custom_padding=\u00bb180px||180px||true|false\u00bb custom_padding_tablet=\u00bb120px||0px||false|false\u00bb custom_padding_phone=\u00bb40px||40px||true|false\u00bb animation_style=\u00bbfade\u00bb animation_speed_curve=\u00bbease\u00bb hover_enabled=\u00bb0&#8243; global_colors_info=\u00bb{}\u00bb theme_builder_area=\u00bbpost_content\u00bb title_text=\u00bb64862&#8243; sticky_enabled=\u00bb0&#8243;][et_pb_row module_class=\u00bblawyer-31-inlbtn-sc\u00bb _builder_version=\u00bb4.27.3&#8243; _module_preset=\u00bbdefault\u00bb background_color=\u00bbrgba(0,0,0,0.54)\u00bb width=\u00bb70%\u00bb max_width=\u00bb2560px\u00bb custom_margin=\u00bb0px|auto|0px|auto|true|true\u00bb custom_margin_tablet=\u00bb0px||120px||false|false\u00bb custom_margin_phone=\u00bb||20px||false|false\u00bb custom_margin_last_edited=\u00bbon|tablet\u00bb custom_padding=\u00bb32px||32px||true|false\u00bb animation_style=\u00bbzoom\u00bb global_colors_info=\u00bb{}\u00bb theme_builder_area=\u00bbpost_content\u00bb][et_pb_column type=\u00bb4_4&#8243; _builder_version=\u00bb4.24.3&#8243; _module_preset=\u00bbdefault\u00bb global_colors_info=\u00bb{}\u00bb theme_builder_area=\u00bbpost_content\u00bb][et_pb_text _builder_version=\u00bb4.27.3&#8243; _module_preset=\u00bbdefault\u00bb header_font=\u00bbMarcellus|700|||||||\u00bb header_text_align=\u00bbcenter\u00bb header_text_color=\u00bb#FFFFFF\u00bb header_font_size=\u00bb50px\u00bb custom_margin=\u00bb0px||15px||false|false\u00bb custom_margin_tablet=\u00bb0px||15px||false|false\u00bb custom_margin_phone=\u00bb0px||14px||false|false\u00bb custom_margin_last_edited=\u00bbon|phone\u00bb custom_padding=\u00bb0px||0px||false|false\u00bb custom_padding_tablet=\u00bb0px||0px||false|false\u00bb custom_padding_phone=\u00bb10px||0px||false|false\u00bb custom_padding_last_edited=\u00bbon|phone\u00bb animation_style=\u00bbslide\u00bb animation_direction=\u00bbright\u00bb animation_delay=\u00bb500ms\u00bb animation_intensity_slide=\u00bb4%\u00bb animation_speed_curve=\u00bbease\u00bb hover_enabled=\u00bb0&#8243; header_text_align_tablet=\u00bbleft\u00bb header_text_align_phone=\u00bbcenter\u00bb header_text_align_last_edited=\u00bbon|phone\u00bb header_font_size_tablet=\u00bb72px\u00bb header_font_size_phone=\u00bb25px\u00bb header_font_size_last_edited=\u00bbon|phone\u00bb global_colors_info=\u00bb{}\u00bb theme_builder_area=\u00bbpost_content\u00bb sticky_enabled=\u00bb0&#8243;]<\/p>\n<h1>Derecho de Extranjer\u00eda<\/h1>\n<p>[\/et_pb_text][et_pb_code admin_label=\u00bbinline-button code\u00bb _builder_version=\u00bb4.24.3&#8243; _module_preset=\u00bbdefault\u00bb custom_margin=\u00bb0px||0px||false|false\u00bb custom_padding=\u00bb0px||0px||false|false\u00bb global_colors_info=\u00bb{}\u00bb theme_builder_area=\u00bbpost_content\u00bb]<\/p>\n<style><!-- [et_pb_line_break_holder] -->  .lawyer-31-inlbtn-sc<!-- [et_pb_line_break_holder] -->.et_pb_button_module_wrapper {<!-- [et_pb_line_break_holder] -->display: inline-block;<!-- [et_pb_line_break_holder] --><!-- [et_pb_line_break_holder] -->}<!-- [et_pb_line_break_holder] --><!-- [et_pb_line_break_holder] --><\/style>\n<p>[\/et_pb_code][\/et_pb_column][\/et_pb_row][\/et_pb_section][et_pb_section fb_built=\u00bb1&#8243; custom_padding_last_edited=\u00bbon|phone\u00bb _builder_version=\u00bb4.27.3&#8243; _module_preset=\u00bbdefault\u00bb background_image=\u00bbhttps:\/\/judsamabogados.com\/wp-content\/uploads\/2024\/11\/lawyer-31-mxd-4.png\u00bb background_size=\u00bbcustom\u00bb background_image_width=\u00bb30%\u00bb background_position=\u00bbcenter_right\u00bb custom_margin=\u00bb0px||0px||false|false\u00bb custom_padding=\u00bb40px||40px||true|false\u00bb custom_padding_tablet=\u00bb120px||120px||false|false\u00bb custom_padding_phone=\u00bb20px||20px||true|false\u00bb background_last_edited=\u00bbon|phone\u00bb background_enable_image_phone=\u00bboff\u00bb global_colors_info=\u00bb{}\u00bb theme_builder_area=\u00bbpost_content\u00bb][et_pb_row use_custom_gutter=\u00bbon\u00bb gutter_width=\u00bb1&#8243; custom_padding_last_edited=\u00bbon|phone\u00bb module_class=\u00bblawyer-31-imgf-c-sc\u00bb _builder_version=\u00bb4.27.3&#8243; _module_preset=\u00bbdefault\u00bb width=\u00bb90%\u00bb max_width=\u00bb1300px\u00bb custom_margin=\u00bb0px||0px||false|false\u00bb custom_padding=\u00bb0px||0px||false|false\u00bb custom_padding_tablet=\u00bb0px||0px||false|false\u00bb custom_padding_phone=\u00bb0px||0px||false|false\u00bb animation_style=\u00bbzoom\u00bb global_colors_info=\u00bb{}\u00bb theme_builder_area=\u00bbpost_content\u00bb][et_pb_column type=\u00bb4_4&#8243; _builder_version=\u00bb4.27.3&#8243; _module_preset=\u00bbdefault\u00bb custom_padding=\u00bb|||60px|false|false\u00bb custom_padding_tablet=\u00bb90px|||0px|false|false\u00bb custom_padding_phone=\u00bb0px||||false|false\u00bb custom_padding_last_edited=\u00bbon|tablet\u00bb global_colors_info=\u00bb{}\u00bb theme_builder_area=\u00bbpost_content\u00bb][et_pb_text _builder_version=\u00bb4.27.3&#8243; _module_preset=\u00bbdefault\u00bb header_2_font=\u00bbMarcellus|700|||||||\u00bb header_2_text_align=\u00bbleft\u00bb header_2_text_color=\u00bb#003c40&#8243; header_2_font_size=\u00bb25px\u00bb header_2_line_height=\u00bb1.1em\u00bb custom_margin=\u00bb0px||-2px||false|false\u00bb custom_margin_tablet=\u00bb0px||-2px||false|false\u00bb custom_margin_phone=\u00bb0px||-2px||false|false\u00bb custom_margin_last_edited=\u00bbon|phone\u00bb custom_padding=\u00bb0px||0px||false|false\u00bb animation_style=\u00bbslide\u00bb animation_direction=\u00bbright\u00bb animation_intensity_slide=\u00bb3%\u00bb animation_speed_curve=\u00bbease\u00bb hover_enabled=\u00bb0&#8243; header_2_font_size_tablet=\u00bb47px\u00bb header_2_font_size_phone=\u00bb20px\u00bb header_2_font_size_last_edited=\u00bbon|phone\u00bb global_colors_info=\u00bb{}\u00bb theme_builder_area=\u00bbpost_content\u00bb sticky_enabled=\u00bb0&#8243;]<\/p>\n<h2 style=\"text-align: justify;\">Tu camino hacia la legalidad, con nuestra ayuda.<\/h2>\n<p>[\/et_pb_text][et_pb_text _builder_version=\u00bb4.27.3&#8243; _module_preset=\u00bbdefault\u00bb text_font=\u00bbManrope||||||||\u00bb text_text_color=\u00bb#666666&#8243; text_font_size=\u00bb16px\u00bb text_line_height=\u00bb1.6em\u00bb custom_margin=\u00bb0px||17px||false|false\u00bb custom_padding=\u00bb0px||10px||false|false\u00bb hover_enabled=\u00bb0&#8243; text_font_size_tablet=\u00bb16px\u00bb text_font_size_phone=\u00bb15px\u00bb text_font_size_last_edited=\u00bbon|phone\u00bb border_width_bottom=\u00bb1px\u00bb border_color_bottom=\u00bb#dddddd\u00bb global_colors_info=\u00bb{}\u00bb theme_builder_area=\u00bbpost_content\u00bb sticky_enabled=\u00bb0&#8243;]<\/p>\n<p>En <strong>Judsman<\/strong>, entendemos los retos que enfrentan los ciudadanos extranjeros al regularizar su situaci\u00f3n en Espa\u00f1a. Por eso, ofrecemos un servicio personalizado para facilitar todos los tr\u00e1mites necesarios.<\/p>\n<p>Nuestros servicios incluyen:<\/p>\n<ol>\n<li><strong>Residencias y permisos de trabajo:<\/strong> Tramitaci\u00f3n inicial, renovaciones y soluciones para situaciones irregulares.<\/li>\n<li><strong>Nacionalidad espa\u00f1ola:<\/strong> Asesoramiento y gesti\u00f3n completa del proceso de solicitud.<\/li>\n<li><strong>Recursos y apelaciones:<\/strong> Defensa en casos de denegaciones o problemas legales relacionados con extranjer\u00eda.<\/li>\n<li><strong>Reagrupaci\u00f3n familiar:<\/strong> Ayuda en la reunificaci\u00f3n de familias para garantizar su estabilidad legal.<\/li>\n<\/ol>\n<p>Nuestro equipo est\u00e1 comprometido en simplificar cada proceso, brind\u00e1ndote tranquilidad y seguridad jur\u00eddica.<\/p>\n<p>[\/et_pb_text][\/et_pb_column][\/et_pb_row][\/et_pb_section]<\/p>\n","protected":false},"excerpt":{"rendered":"<p>Derecho de Extranjer\u00edaTu camino hacia la legalidad, con nuestra ayuda.En Judsman, entendemos los retos que enfrentan los ciudadanos extranjeros al regularizar su situaci\u00f3n en Espa\u00f1a. Por eso, ofrecemos un servicio personalizado para facilitar todos los tr\u00e1mites necesarios. Nuestros servicios incluyen: Residencias y permisos de trabajo: Tramitaci\u00f3n inicial, renovaciones y soluciones para situaciones irregulares. Nacionalidad espa\u00f1ola: [&hellip;]<\/p>\n","protected":false},"author":1,"featured_media":0,"parent":0,"menu_order":0,"comment_status":"closed","ping_status":"closed","template":"","meta":{"_et_pb_use_builder":"on","_et_pb_old_content":"","_et_gb_content_width":"","footnotes":""},"class_list":["post-49997","page","type-page","status-publish","hentry"],"_links":{"self":[{"href":"https:\/\/judsamabogados.com\/index.php\/wp-json\/wp\/v2\/pages\/49997","targetHints":{"allow":["GET"]}}],"collection":[{"href":"https:\/\/judsamabogados.com\/index.php\/wp-json\/wp\/v2\/pages"}],"about":[{"href":"https:\/\/judsamabogados.com\/index.php\/wp-json\/wp\/v2\/types\/page"}],"author":[{"embeddable":true,"href":"https:\/\/judsamabogados.com\/index.php\/wp-json\/wp\/v2\/users\/1"}],"replies":[{"embeddable":true,"href":"https:\/\/judsamabogados.com\/index.php\/wp-json\/wp\/v2\/comments?post=49997"}],"version-history":[{"count":3,"href":"https:\/\/judsamabogados.com\/index.php\/wp-json\/wp\/v2\/pages\/49997\/revisions"}],"predecessor-version":[{"id":50000,"href":"https:\/\/judsamabogados.com\/index.php\/wp-json\/wp\/v2\/pages\/49997\/revisions\/50000"}],"wp:attachment":[{"href":"https:\/\/judsamabogados.com\/index.php\/wp-json\/wp\/v2\/media?parent=49997"}],"curies":[{"name":"wp","href":"https:\/\/api.w.org\/{rel}","templated":true}]}}