{"id":49967,"date":"2024-11-29T01:16:39","date_gmt":"2024-11-29T01:16:39","guid":{"rendered":"https:\/\/abogadomadrid.merkadoweb.es\/?page_id=49967"},"modified":"2024-12-12T17:46:16","modified_gmt":"2024-12-12T17:46:16","slug":"derecho-penal","status":"publish","type":"page","link":"https:\/\/judsamabogados.com\/index.php\/derecho-penal\/","title":{"rendered":"Derecho Penal"},"content":{"rendered":"<p>[et_pb_section fb_built=\u00bb1&#8243; custom_padding_last_edited=\u00bbon|tablet\u00bb _builder_version=\u00bb4.27.3&#8243; _module_preset=\u00bbdefault\u00bb use_background_color_gradient=\u00bbon\u00bb background_color_gradient_direction=\u00bb90deg\u00bb background_color_gradient_stops=\u00bbrgba(0,0,0,0.2) 0%|rgba(255,255,255,0) 86%\u00bb background_color_gradient_overlays_image=\u00bbon\u00bb background_image=\u00bbhttps:\/\/judsamabogados.com\/wp-content\/uploads\/2024\/11\/2147984044.jpg\u00bb custom_margin=\u00bb0px||0px||false|false\u00bb custom_padding=\u00bb180px||180px||true|false\u00bb custom_padding_tablet=\u00bb120px||0px||false|false\u00bb custom_padding_phone=\u00bb40px||40px||true|false\u00bb animation_style=\u00bbfade\u00bb animation_speed_curve=\u00bbease\u00bb global_colors_info=\u00bb{}\u00bb][et_pb_row module_class=\u00bblawyer-31-inlbtn-sc\u00bb _builder_version=\u00bb4.27.3&#8243; _module_preset=\u00bbdefault\u00bb background_color=\u00bbrgba(0,0,0,0.54)\u00bb width=\u00bb70%\u00bb max_width=\u00bb2560px\u00bb custom_margin=\u00bb0px|auto|0px|auto|true|true\u00bb custom_margin_tablet=\u00bb0px||120px||false|false\u00bb custom_margin_phone=\u00bb||20px||false|false\u00bb custom_margin_last_edited=\u00bbon|tablet\u00bb custom_padding=\u00bb32px||32px||true|false\u00bb animation_style=\u00bbzoom\u00bb global_colors_info=\u00bb{}\u00bb][et_pb_column type=\u00bb4_4&#8243; _builder_version=\u00bb4.24.3&#8243; _module_preset=\u00bbdefault\u00bb global_colors_info=\u00bb{}\u00bb][et_pb_text _builder_version=\u00bb4.27.3&#8243; _module_preset=\u00bbdefault\u00bb header_font=\u00bbMarcellus|700|||||||\u00bb header_text_align=\u00bbcenter\u00bb header_text_color=\u00bb#FFFFFF\u00bb header_font_size=\u00bb50px\u00bb custom_margin=\u00bb0px||15px||false|false\u00bb custom_margin_tablet=\u00bb0px||15px||false|false\u00bb custom_margin_phone=\u00bb0px||14px||false|false\u00bb custom_margin_last_edited=\u00bbon|phone\u00bb custom_padding=\u00bb0px||0px||false|false\u00bb custom_padding_tablet=\u00bb0px||0px||false|false\u00bb custom_padding_phone=\u00bb10px||0px||false|false\u00bb custom_padding_last_edited=\u00bbon|phone\u00bb animation_style=\u00bbslide\u00bb animation_direction=\u00bbright\u00bb animation_delay=\u00bb500ms\u00bb animation_intensity_slide=\u00bb4%\u00bb animation_speed_curve=\u00bbease\u00bb header_text_align_tablet=\u00bbleft\u00bb header_text_align_phone=\u00bbcenter\u00bb header_text_align_last_edited=\u00bbon|phone\u00bb header_font_size_tablet=\u00bb72px\u00bb header_font_size_phone=\u00bb25px\u00bb header_font_size_last_edited=\u00bbon|phone\u00bb global_colors_info=\u00bb{}\u00bb]<\/p>\n<h1>Derecho Penal<\/h1>\n<p>[\/et_pb_text][et_pb_code admin_label=\u00bbinline-button code\u00bb _builder_version=\u00bb4.24.3&#8243; _module_preset=\u00bbdefault\u00bb custom_margin=\u00bb0px||0px||false|false\u00bb custom_padding=\u00bb0px||0px||false|false\u00bb global_colors_info=\u00bb{}\u00bb]<\/p>\n<style><!-- [et_pb_line_break_holder] -->  .lawyer-31-inlbtn-sc<!-- [et_pb_line_break_holder] -->.et_pb_button_module_wrapper {<!-- [et_pb_line_break_holder] -->display: inline-block;<!-- [et_pb_line_break_holder] --><!-- [et_pb_line_break_holder] -->}<!-- [et_pb_line_break_holder] --><!-- [et_pb_line_break_holder] --><\/style>\n<p>[\/et_pb_code][\/et_pb_column][\/et_pb_row][\/et_pb_section][et_pb_section fb_built=\u00bb1&#8243; custom_padding_last_edited=\u00bbon|phone\u00bb _builder_version=\u00bb4.27.3&#8243; _module_preset=\u00bbdefault\u00bb background_image=\u00bbhttps:\/\/judsamabogados.com\/wp-content\/uploads\/2024\/11\/lawyer-31-mxd-4.png\u00bb background_size=\u00bbcustom\u00bb background_image_width=\u00bb30%\u00bb background_position=\u00bbcenter_right\u00bb custom_margin=\u00bb0px||0px||false|false\u00bb custom_padding=\u00bb40px||40px||true|false\u00bb custom_padding_tablet=\u00bb120px||120px||false|false\u00bb custom_padding_phone=\u00bb20px||20px||true|false\u00bb background_last_edited=\u00bbon|phone\u00bb background_enable_image_phone=\u00bboff\u00bb global_colors_info=\u00bb{}\u00bb][et_pb_row use_custom_gutter=\u00bbon\u00bb gutter_width=\u00bb1&#8243; custom_padding_last_edited=\u00bbon|phone\u00bb module_class=\u00bblawyer-31-imgf-c-sc\u00bb _builder_version=\u00bb4.27.3&#8243; _module_preset=\u00bbdefault\u00bb width=\u00bb90%\u00bb max_width=\u00bb1300px\u00bb custom_margin=\u00bb0px||0px||false|false\u00bb custom_padding=\u00bb0px||0px||false|false\u00bb custom_padding_tablet=\u00bb0px||0px||false|false\u00bb custom_padding_phone=\u00bb0px||0px||false|false\u00bb animation_style=\u00bbzoom\u00bb global_colors_info=\u00bb{}\u00bb][et_pb_column type=\u00bb4_4&#8243; _builder_version=\u00bb4.27.3&#8243; _module_preset=\u00bbdefault\u00bb custom_padding=\u00bb|||60px|false|false\u00bb custom_padding_tablet=\u00bb90px|||0px|false|false\u00bb custom_padding_phone=\u00bb0px||||false|false\u00bb custom_padding_last_edited=\u00bbon|tablet\u00bb global_colors_info=\u00bb{}\u00bb][et_pb_text _builder_version=\u00bb4.27.3&#8243; _module_preset=\u00bbdefault\u00bb header_2_font=\u00bbMarcellus|700|||||||\u00bb header_2_text_align=\u00bbleft\u00bb header_2_text_color=\u00bb#003c40&#8243; header_2_font_size=\u00bb25px\u00bb header_2_line_height=\u00bb1.1em\u00bb custom_margin=\u00bb0px||-2px||false|false\u00bb custom_margin_tablet=\u00bb0px||-2px||false|false\u00bb custom_margin_phone=\u00bb0px||-2px||false|false\u00bb custom_margin_last_edited=\u00bbon|phone\u00bb custom_padding=\u00bb0px||0px||false|false\u00bb animation_style=\u00bbslide\u00bb animation_direction=\u00bbright\u00bb animation_intensity_slide=\u00bb3%\u00bb animation_speed_curve=\u00bbease\u00bb header_2_font_size_tablet=\u00bb47px\u00bb header_2_font_size_phone=\u00bb20px\u00bb header_2_font_size_last_edited=\u00bbon|phone\u00bb global_colors_info=\u00bb{}\u00bb]<\/p>\n<h2 style=\"text-align: justify;\">Defendemos tus derechos con firmeza y compromiso.<\/h2>\n<p>[\/et_pb_text][et_pb_text _builder_version=\u00bb4.27.3&#8243; _module_preset=\u00bbdefault\u00bb text_font=\u00bbManrope||||||||\u00bb text_text_color=\u00bb#666666&#8243; text_font_size=\u00bb16px\u00bb text_line_height=\u00bb1.6em\u00bb custom_margin=\u00bb0px||17px||false|false\u00bb custom_padding=\u00bb0px||10px||false|false\u00bb text_font_size_tablet=\u00bb16px\u00bb text_font_size_phone=\u00bb15px\u00bb text_font_size_last_edited=\u00bbon|phone\u00bb border_width_bottom=\u00bb1px\u00bb border_color_bottom=\u00bb#dddddd\u00bb global_colors_info=\u00bb{}\u00bb]<\/p>\n<p style=\"text-align: justify;\">En <strong>Judsman<\/strong>, somos especialistas en<strong> Derecho Penal<\/strong> y entendemos que enfrentarte a un proceso penal puede ser una experiencia complicada y angustiante. Por eso, nos comprometemos a proporcionarte una defensa estrat\u00e9gica y adaptada a tus necesidades, asegurando en todo momento que tus derechos sean respetados.<\/p>\n<p style=\"text-align: justify;\">Nuestros servicios en esta \u00e1rea incluyen:<\/p>\n<ol style=\"text-align: justify;\">\n<li><strong>Representaci\u00f3n en procesos penales:<\/strong> Te acompa\u00f1amos en cada etapa del procedimiento, desde la instrucci\u00f3n hasta el juicio.<\/li>\n<li><strong>Asistencia en declaraciones:<\/strong> Te asesoramos y representamos ante autoridades judiciales y policiales para garantizar que tus derechos no se vean vulnerados.<\/li>\n<li><strong>Recursos de apelaci\u00f3n y casaci\u00f3n:<\/strong> Si el resultado inicial no es favorable, luchamos por revertirlo en instancias superiores.<\/li>\n<li><strong>Delitos espec\u00edficos:<\/strong> Ofrecemos defensa en casos de delitos econ\u00f3micos, violencia de g\u00e9nero, lesiones, tr\u00e1fico de drogas, violaciones, agresiones sexuales, robo, hurto, entre otros.<\/li>\n<li><strong>Violencia dom\u00e9stica<\/strong>: Nuestro despacho, destaca frente al resto porque somos expertos en Violencia Dom\u00e9stica, perfectamente acreditable porque nuestros letrados, est\u00e1n en el turno de oficio desde que se public\u00f3 la Ley Integral de Violencia de G\u00e9nero en el a\u00f1o 2004.<\/li>\n<\/ol>\n<p style=\"text-align: justify;\">Desde el<strong> 2004<\/strong>, hemos defendido a cientos de hombres falsamente denunciados y cientos de mujeres que son v\u00edctimas de violencia de g\u00e9nero, as\u00ed como al colectivo LGTBI al que discrimina y desprotege esta Ley por el mero hecho de serlo, creando situaciones injustas que J<strong>udsam Abogados<\/strong> repara.<\/p>\n<p>[\/et_pb_text][\/et_pb_column][\/et_pb_row][\/et_pb_section]<\/p>\n","protected":false},"excerpt":{"rendered":"<p>Derecho PenalDefendemos tus derechos con firmeza y compromiso.En Judsman, somos especialistas en Derecho Penal y entendemos que enfrentarte a un proceso penal puede ser una experiencia complicada y angustiante. Por eso, nos comprometemos a proporcionarte una defensa estrat\u00e9gica y adaptada a tus necesidades, asegurando en todo momento que tus derechos sean respetados. Nuestros servicios en [&hellip;]<\/p>\n","protected":false},"author":1,"featured_media":0,"parent":0,"menu_order":0,"comment_status":"closed","ping_status":"closed","template":"","meta":{"_et_pb_use_builder":"on","_et_pb_old_content":"","_et_gb_content_width":"","footnotes":""},"class_list":["post-49967","page","type-page","status-publish","hentry"],"_links":{"self":[{"href":"https:\/\/judsamabogados.com\/index.php\/wp-json\/wp\/v2\/pages\/49967","targetHints":{"allow":["GET"]}}],"collection":[{"href":"https:\/\/judsamabogados.com\/index.php\/wp-json\/wp\/v2\/pages"}],"about":[{"href":"https:\/\/judsamabogados.com\/index.php\/wp-json\/wp\/v2\/types\/page"}],"author":[{"embeddable":true,"href":"https:\/\/judsamabogados.com\/index.php\/wp-json\/wp\/v2\/users\/1"}],"replies":[{"embeddable":true,"href":"https:\/\/judsamabogados.com\/index.php\/wp-json\/wp\/v2\/comments?post=49967"}],"version-history":[{"count":6,"href":"https:\/\/judsamabogados.com\/index.php\/wp-json\/wp\/v2\/pages\/49967\/revisions"}],"predecessor-version":[{"id":50071,"href":"https:\/\/judsamabogados.com\/index.php\/wp-json\/wp\/v2\/pages\/49967\/revisions\/50071"}],"wp:attachment":[{"href":"https:\/\/judsamabogados.com\/index.php\/wp-json\/wp\/v2\/media?parent=49967"}],"curies":[{"name":"wp","href":"https:\/\/api.w.org\/{rel}","templated":true}]}}